{"id":2,"date":"2021-10-03T14:15:37","date_gmt":"2021-10-03T12:15:37","guid":{"rendered":"http:\/\/mathieuquintin.aerrond.com\/?page_id=2"},"modified":"2023-03-01T00:24:52","modified_gmt":"2023-02-28T23:24:52","slug":"page-d-exemple","status":"publish","type":"page","link":"http:\/\/mathieuquintin.aerrond.com\/","title":{"rendered":"La Passion du son"},"content":{"rendered":"\n<div class=\"wp-block-columns is-layout-flex wp-container-core-columns-is-layout-9d6595d7 wp-block-columns-is-layout-flex\">\n<div class=\"wp-block-column is-layout-flow wp-block-column-is-layout-flow\"><div class=\"wp-block-image is-style-rounded\">\n<figure class=\"aligncenter size-full is-resized\"><img loading=\"lazy\" decoding=\"async\" src=\"http:\/\/mathieuquintin.aerrond.com\/wp-content\/uploads\/2021\/10\/QUINTIN-Mathieu.jpg\" alt=\"\" class=\"wp-image-27\" width=\"207\" height=\"266\" srcset=\"http:\/\/mathieuquintin.aerrond.com\/wp-content\/uploads\/2021\/10\/QUINTIN-Mathieu.jpg 413w, http:\/\/mathieuquintin.aerrond.com\/wp-content\/uploads\/2021\/10\/QUINTIN-Mathieu-233x300.jpg 233w\" sizes=\"auto, (max-width: 207px) 100vw, 207px\" \/><\/figure>\n<\/div>\n\n\n<h4 class=\"has-text-align-center wp-block-heading\">Mes valeurs<\/h4>\n\n\n\n<hr class=\"wp-block-separator has-css-opacity is-style-wide\"\/>\n\n\n\n<p class=\"has-text-align-center\">&#8211;<strong>Rigueur<\/strong>&#8211;<\/p>\n\n\n\n<p class=\"has-text-align-center\">&#8211;<strong>Bienveillance<\/strong>&#8211;<\/p>\n\n\n\n<p class=\"has-text-align-center\">&#8211;<strong>Cr\u00e9ativit\u00e9<\/strong>&#8211;<\/p>\n\n\n\n<div class=\"wp-block-ive-ibtana-visual-editorbtn btn-inner-wrap ive-btn-main-parent_7fe23c-dd\"><div class=\"ive-btn-wrap ive-btn-unique_7fe23c-dd undefined ive-btn-wrap-0 ive-btn-align  text-center text-sm-center text-lg-center text-xl-center \"><a class=\"anchrstyle ive-button-ad_7fe23c-dd ive-button-0 ive-btn-0-action ive-btn-svg-showalways ive-btn-has-text-true\" href=\"http:\/\/aerrond.com\/portfolio\/CV_MATHIEU_QUINTIN_2023_OSSD_VOS.pdf\" target=\"_self\" rel=\"noreferrer noopener\"><span class=\"ive-btn-inner-text\">T\u00e9l\u00e9chargez mon CV<\/span><\/a><\/div><\/div>\n\n\n\n<ul class=\"wp-block-social-links is-layout-flex wp-block-social-links-is-layout-flex\"><li class=\"wp-social-link wp-social-link-linkedin  wp-block-social-link\"><a href=\"https:\/\/www.linkedin.com\/in\/mathieu-quintin-a87a0015a\/\" class=\"wp-block-social-link-anchor\"><svg width=\"24\" height=\"24\" viewBox=\"0 0 24 24\" version=\"1.1\" xmlns=\"http:\/\/www.w3.org\/2000\/svg\" aria-hidden=\"true\" focusable=\"false\"><path d=\"M19.7,3H4.3C3.582,3,3,3.582,3,4.3v15.4C3,20.418,3.582,21,4.3,21h15.4c0.718,0,1.3-0.582,1.3-1.3V4.3 C21,3.582,20.418,3,19.7,3z M8.339,18.338H5.667v-8.59h2.672V18.338z M7.004,8.574c-0.857,0-1.549-0.694-1.549-1.548 c0-0.855,0.691-1.548,1.549-1.548c0.854,0,1.547,0.694,1.547,1.548C8.551,7.881,7.858,8.574,7.004,8.574z M18.339,18.338h-2.669 v-4.177c0-0.996-0.017-2.278-1.387-2.278c-1.389,0-1.601,1.086-1.601,2.206v4.249h-2.667v-8.59h2.559v1.174h0.037 c0.356-0.675,1.227-1.387,2.526-1.387c2.703,0,3.203,1.779,3.203,4.092V18.338z\"><\/path><\/svg><span class=\"wp-block-social-link-label screen-reader-text\">LinkedIn<\/span><\/a><\/li><\/ul>\n<\/div>\n\n\n\n<div class=\"wp-block-column is-layout-flow wp-block-column-is-layout-flow\" style=\"flex-basis:10px\"><\/div>\n\n\n\n<div class=\"wp-block-column is-layout-flow wp-block-column-is-layout-flow\" style=\"flex-basis:50%\">\n<blockquote class=\"wp-block-quote is-layout-flow wp-block-quote-is-layout-flow\">\n<p>Bonjour&nbsp;! Je m&#8217;appelle Mathieu Quintin et je suis sondier. Ma passion pour le son a commenc\u00e9 tout jeune avec les livres audio\/musicaux (d&#8217;ailleurs si vous avez un exemplaire de<em> Barbababor<\/em>, j&#8217;ach\u00e8te \u00e0 prix d&#8217;or !).<\/p>\n\n\n\n<p>C&#8217;est en 2012, alors \u00e2g\u00e9 de 14 ans, que j&#8217;ai r\u00e9alis\u00e9 mes toutes premi\u00e8res fictions sonores depuis ma chambre, avec les conseils d&#8217;autres passionn\u00e9s sur Internet. Depuis j&#8217;ai saut\u00e9 sur la moindre occasion de faire du son : radio associative, pi\u00e8ces de th\u00e9\u00e2tre, concerts, courts-m\u00e9trages \u00e9tudiants, etc&#8230;<\/p>\n\n\n\n<p>En dehors des s\u00e9ries audio, je passe mon temps libre \u00e0 cr\u00e9er des podcasts, construire une banque de bruitages personnelle, monter et mixer des courts-m\u00e9trages \u00e9tudiants. J\u2019apprends aussi \u00e0 composer en MAO, principalement de la soundtrack orchestrale mais pas que !<\/p>\n\n\n\n<p>En 2020 j&#8217;ai suivi la &#8220;classe alpha&#8221;, une pr\u00e9pa de l&#8217;INA pour former les futurs techniciens du PAF. Au cours de celle ci, j&#8217;ai pu approfondir mes comp\u00e9tences en son, d\u00e9couvrir le montage vid\u00e9o et travailler en \u00e9quipe dans des conditions broadcast.<\/p>\n\n\n\n<p>En 2021 j&#8217;ai rejoint le &#8220;BTS : M\u00e9tiers du son&#8221; de Boulogne et travaille actuellement en alternance comme technicien studio, monteur\/mixeur de podcasts pour Immoweek, une agence de presse sp\u00e9cialis\u00e9e dans l&#8217;immobilier. <\/p>\n\n\n\n<p>Je suis int\u00e9ress\u00e9 par tous types de collaborations, notamment dans la post-production, la radio et les nouveaux m\u00e9dias sonores (s\u00e9ries, podcasts, livres audio, etc&#8230;),<\/p>\n<\/blockquote>\n<\/div>\n\n\n\n<div class=\"wp-block-column is-layout-flow wp-block-column-is-layout-flow\" style=\"flex-basis:10px\"><\/div>\n\n\n\n<div class=\"wp-block-column is-layout-flow wp-block-column-is-layout-flow\">\n<h2 class=\"wp-block-heading\">Contactez-moi<\/h2>\n\n\n\n<p><span style=\"text-decoration: underline;\"><strong>Portable :<\/strong><\/span> 06 87 78 95 56<\/p>\n\n\n\n<p><strong><span style=\"text-decoration: underline;\">E-mail :<\/span><\/strong> mquintin@aerrond.com<\/p>\n\n\n\n        <div class=\"ive-form\" id=\"gkt_form_5f5b879a\">\n            <form method=\"POST\" name=\"ive-form\" action=\"\/index.php?rest_route=%2Fwp%2Fv2%2Fpages%2F2#gkt_form_5f5b879a\">\n                \n\n        <div class=\"ive-form-field ive-form-field-name form_name_9f411b-85 none-center\">\n                                        <label class=\"ive-form-field-label\"  for=\"gkt_form_5f5b879a_field_name\">\n                    Nom                <\/label>\n                        <input type=\"hidden\" name=\"field_name[label]\" value=\"Nom\" \/>\n            \n            \n                <input type=\"text\"  name=\"field_name[value]\" id=\"gkt_form_5f5b879a_field_name\" \/>\n\n                \n            \n                    <\/div>\n\n        \n\n\n        <div class=\"ive-form-field ive-form-field-email form_Email_602f74-af none-center\">\n                                        <label class=\"ive-form-field-label\"  for=\"gkt_form_5f5b879a_field_email\">\n                    E-mail<span class=\"required\">*<\/span>                <\/label>\n                        <input type=\"hidden\" name=\"field_email[label]\" value=\"E-mail\" \/>\n            \n            \n                <input type=\"email\"  required=\"required\" name=\"field_email[value]\" id=\"gkt_form_5f5b879a_field_email\" \/>\n\n                \n                    <\/div>\n\n        \n\n\n        <div class=\"ive-form-field ive-form-field-text form_text_e61de4-0e none-center\">\n                                        <label class=\"ive-form-field-label\"  for=\"gkt_form_5f5b879a_field_subject\">\n                    Sujet<span class=\"required\">*<\/span>                <\/label>\n                        <input type=\"hidden\" name=\"field_subject[label]\" value=\"Sujet\" \/>\n            \n            <input type=\"text\"  required=\"required\" name=\"field_subject[value]\" id=\"gkt_form_5f5b879a_field_subject\" \/>\n\n                    <\/div>\n\n        \n\n\n        <div class=\"ive-form-field ive-form-field-textarea form_textarea_7f0977-b9 none-center\">\n                                        <label class=\"ive-form-field-label\"  for=\"gkt_form_5f5b879a_field_message\">\n                    Message<span class=\"required\">*<\/span>                <\/label>\n                        <input type=\"hidden\" name=\"field_message[label]\" value=\"Message\" \/>\n            \n            <textarea  required=\"required\" name=\"field_message[value]\" id=\"gkt_form_5f5b879a_field_message\"><\/textarea>\n\n                    <\/div>\n\n        \n\n\n<div class=\"ive-form-submit-button\">\n<button class=\"ive-button ive-button-_8eec1b-a1 none-center ive-button-xl ive-button-with-outline\"><span class=\"ive-button-icon ive-button-icon-left\"><span class=\"fas fa-ad\"><\/span><\/span><span class=\"ive-button-text\">Envoyer<\/span><\/button>\n<\/div>\n\n<input type=\"hidden\" id=\"gkt_form_5f5b879a\" name=\"gkt_form_5f5b879a\" value=\"0bd68c454f\" \/><input type=\"hidden\" name=\"_wp_http_referer\" value=\"\/index.php?rest_route=%2Fwp%2Fv2%2Fpages%2F2\" \/>                <input type=\"hidden\" name=\"ive_form_id\" value=\"gkt_form_5f5b879a\">\n                            <\/form>\n        <\/div>\n\n        <\/div>\n<\/div>\n\n\n\n<h1 class=\"has-text-align-center wp-block-heading\">MES TRAVAUX<\/h1>\n\n\n\n<hr class=\"wp-block-separator has-css-opacity is-style-wide\"\/>\n\n\n\n<div class=\"wp-block-columns is-layout-flex wp-container-core-columns-is-layout-9d6595d7 wp-block-columns-is-layout-flex\">\n<div class=\"wp-block-column is-layout-flow wp-block-column-is-layout-flow\">\n<h3 class=\"wp-block-heading\">Spot TV &#8211; Magnus <\/h3>\n\n\n\n<p><em>Recherche musicale, montage son, mixage<\/em> <em>(exercice TAPE production)<\/em><\/p>\n\n\n\n<figure class=\"wp-block-video\"><video controls poster=\"http:\/\/mathieuquintin.aerrond.com\/wp-content\/uploads\/2022\/04\/Magnus-cover.png\" src=\"http:\/\/aerrond.com\/portfolio\/Magnus%20Spot%20PUB.mp4\"><\/video><\/figure>\n<\/div>\n\n\n\n<div class=\"wp-block-column is-layout-flow wp-block-column-is-layout-flow\" style=\"flex-basis:10px\"><\/div>\n\n\n\n<div class=\"wp-block-column is-vertically-aligned-top is-layout-flow wp-block-column-is-layout-flow\">\n<h3 class=\"wp-block-heading\">Chronique de sound design &#8220;Au fond du son&#8221;<\/h3>\n\n\n\n<p><em>Sc\u00e9nario, voix-off, montage vid\u00e9o, montage son, mixage<\/em><\/p>\n\n\n\n<figure class=\"wp-block-video\"><video controls src=\"http:\/\/aerrond.com\/portfolio\/AU_FOND_DU_SON.mp4\"><\/video><\/figure>\n<\/div>\n<\/div>\n\n\n\n<div class=\"wp-block-columns is-layout-flex wp-container-core-columns-is-layout-9d6595d7 wp-block-columns-is-layout-flex\">\n<div class=\"wp-block-column is-layout-flow wp-block-column-is-layout-flow\">\n<h3 class=\"wp-block-heading\">Sound Design Cin\u00e9ma <\/h3>\n\n\n\n<p><em>Bruitage, montage son, mixage<\/em> <em>(exercice INA)<\/em><\/p>\n\n\n\n<figure class=\"wp-block-video\"><video controls poster=\"http:\/\/mathieuquintin.aerrond.com\/wp-content\/uploads\/2022\/04\/Blowout-Cover.png\" src=\"http:\/\/aerrond.com\/portfolio\/BLOWOUT_MATHIEU_QUINTIN_B.mp4\"><\/video><\/figure>\n<\/div>\n\n\n\n<div class=\"wp-block-column is-layout-flow wp-block-column-is-layout-flow\" style=\"flex-basis:10px\"><\/div>\n\n\n\n<div class=\"wp-block-column is-layout-flow wp-block-column-is-layout-flow\">\n<h3 class=\"wp-block-heading\">Podcasts Immoweek<\/h3>\n\n\n\n<p><em>Enregistrement, recherche musicale, montage son, mixage<\/em><\/p>\n\n\n\n<figure class=\"wp-block-image size-full\"><img loading=\"lazy\" decoding=\"async\" width=\"1024\" height=\"512\" src=\"http:\/\/mathieuquintin.aerrond.com\/wp-content\/uploads\/2021\/10\/ipodcast-claire-cauchetier-1024x512-1.jpg\" alt=\"\" class=\"wp-image-40\" srcset=\"http:\/\/mathieuquintin.aerrond.com\/wp-content\/uploads\/2021\/10\/ipodcast-claire-cauchetier-1024x512-1.jpg 1024w, http:\/\/mathieuquintin.aerrond.com\/wp-content\/uploads\/2021\/10\/ipodcast-claire-cauchetier-1024x512-1-300x150.jpg 300w, http:\/\/mathieuquintin.aerrond.com\/wp-content\/uploads\/2021\/10\/ipodcast-claire-cauchetier-1024x512-1-768x384.jpg 768w\" sizes=\"auto, (max-width: 1024px) 100vw, 1024px\" \/><\/figure>\n\n\n\n<figure class=\"wp-block-audio\"><audio controls src=\"http:\/\/aerrond.com\/Immoweek\/LGE\/44%20-%20LGE%20-%20Claire%20CAUCHETIER_PAD.mp3\"><\/audio><\/figure>\n<\/div>\n<\/div>\n\n\n\n<hr class=\"wp-block-separator has-css-opacity is-style-wide\"\/>\n\n\n\n<div class=\"wp-block-columns is-layout-flex wp-container-core-columns-is-layout-9d6595d7 wp-block-columns-is-layout-flex\">\n<div class=\"wp-block-column is-layout-flow wp-block-column-is-layout-flow\">\n<h3 class=\"has-text-align-left wp-block-heading\">S\u00e9rie audio &#8220;Aerrond : un \u00e9clair dans la tourmente&#8221;<\/h3>\n\n\n\n<p><em>Sc\u00e9nario, r\u00e9alisation, montage, mixage, composition<\/em><\/p>\n\n\n\n<figure class=\"wp-block-image size-large\"><img loading=\"lazy\" decoding=\"async\" width=\"724\" height=\"1024\" src=\"http:\/\/mathieuquintin.aerrond.com\/wp-content\/uploads\/2021\/10\/AerrondUEDLT_Poster_WEB-724x1024.jpg\" alt=\"\" class=\"wp-image-34\" srcset=\"http:\/\/mathieuquintin.aerrond.com\/wp-content\/uploads\/2021\/10\/AerrondUEDLT_Poster_WEB-724x1024.jpg 724w, http:\/\/mathieuquintin.aerrond.com\/wp-content\/uploads\/2021\/10\/AerrondUEDLT_Poster_WEB-212x300.jpg 212w, http:\/\/mathieuquintin.aerrond.com\/wp-content\/uploads\/2021\/10\/AerrondUEDLT_Poster_WEB.jpg 764w\" sizes=\"auto, (max-width: 724px) 100vw, 724px\" \/><\/figure>\n\n\n\n<figure class=\"wp-block-audio\"><audio controls src=\"http:\/\/aerrond.com\/portfolio\/Aerrond_UEDLT_01.mp3\"><\/audio><\/figure>\n<\/div>\n\n\n\n<div class=\"wp-block-column is-layout-flow wp-block-column-is-layout-flow\" style=\"flex-basis:10px\"><\/div>\n\n\n\n<div class=\"wp-block-column is-layout-flow wp-block-column-is-layout-flow\">\n<h3 class=\"has-text-align-left wp-block-heading\">S\u00e9rie audio &#8220;1287 : Francie in Periculum&#8221;<\/h3>\n\n\n\n<p><em>Sc\u00e9nario, r\u00e9alisation, montage, mixage<\/em><\/p>\n\n\n\n<figure class=\"wp-block-image size-full\"><img loading=\"lazy\" decoding=\"async\" width=\"453\" height=\"453\" src=\"http:\/\/mathieuquintin.aerrond.com\/wp-content\/uploads\/2021\/10\/1287cover.jpg\" alt=\"\" class=\"wp-image-35\" srcset=\"http:\/\/mathieuquintin.aerrond.com\/wp-content\/uploads\/2021\/10\/1287cover.jpg 453w, http:\/\/mathieuquintin.aerrond.com\/wp-content\/uploads\/2021\/10\/1287cover-300x300.jpg 300w, http:\/\/mathieuquintin.aerrond.com\/wp-content\/uploads\/2021\/10\/1287cover-150x150.jpg 150w\" sizes=\"auto, (max-width: 453px) 100vw, 453px\" \/><\/figure>\n\n\n\n<figure class=\"wp-block-audio\"><audio controls src=\"http:\/\/1287.aerrond.com\/wp-content\/uploads\/2014\/02\/1287-Episode-I-Le-Complot.mp3\"><\/audio><\/figure>\n\n\n\n<p><strong>Lien vers la s\u00e9rie compl\u00e8te :<\/strong> <a rel=\"noreferrer noopener\" href=\"http:\/\/1287.aerrond.com\/les-episodes\/\" target=\"_blank\">http:\/\/1287.aerrond.com\/les-episodes\/<\/a><\/p>\n<\/div>\n\n\n\n<div class=\"wp-block-column is-layout-flow wp-block-column-is-layout-flow\" style=\"flex-basis:10px\"><\/div>\n\n\n\n<div class=\"wp-block-column is-layout-flow wp-block-column-is-layout-flow\">\n<h3 class=\"has-text-align-center wp-block-heading\">Compositions musicales<\/h3>\n\n\n\n<hr class=\"wp-block-separator has-css-opacity is-style-wide\"\/>\n\n\n\n<h4 class=\"has-text-align-left wp-block-heading\">\u00c9chos de rage et de d\u00e9sespoir<\/h4>\n\n\n\n<figure class=\"wp-block-audio\"><audio controls src=\"http:\/\/mathieuquintin.aerrond.com\/wp-content\/uploads\/2021\/10\/Echoes-of-Wrath-and-Sorrow-portfolio-1.mp3\"><\/audio><\/figure>\n\n\n\n<hr class=\"wp-block-separator has-css-opacity is-style-wide\"\/>\n\n\n\n<h4 class=\"wp-block-heading\">Les R\u00eaves d&#8217;un Champion<\/h4>\n\n\n\n<figure class=\"wp-block-audio\"><audio controls src=\"http:\/\/mathieuquintin.aerrond.com\/wp-content\/uploads\/2021\/10\/championdream_previewportfolio.mp3\"><\/audio><\/figure>\n\n\n\n<hr class=\"wp-block-separator has-css-opacity is-style-wide\"\/>\n\n\n\n<h4 class=\"has-text-align-left wp-block-heading\">Le Feu primordial<\/h4>\n\n\n\n<figure class=\"wp-block-audio\"><audio controls src=\"http:\/\/aerrond.com\/portfolio\/primordialfireV4.mp3\"><\/audio><\/figure>\n\n\n\n<hr class=\"wp-block-separator has-css-opacity is-style-wide\"\/>\n\n\n\n<h4 class=\"has-text-align-left wp-block-heading\">G\u00e9n\u00e9rique de type JT<\/h4>\n\n\n\n<figure class=\"wp-block-audio\"><audio controls src=\"http:\/\/mathieuquintin.aerrond.com\/wp-content\/uploads\/2021\/10\/ALPHATV_INTRO_0.2.mp3\"><\/audio><\/figure>\n\n\n\n<hr class=\"wp-block-separator has-css-opacity is-style-wide\"\/>\n\n\n\n<h4 class=\"has-text-align-left wp-block-heading\">Assemblage de musique modulaire pour documentaire type &#8220;\u00e9motion&#8221;<\/h4>\n\n\n\n<figure class=\"wp-block-audio\"><audio controls src=\"http:\/\/mathieuquintin.aerrond.com\/wp-content\/uploads\/2021\/10\/school_of_dreams_WIP.mp3\"><\/audio><\/figure>\n\n\n\n<hr class=\"wp-block-separator has-css-opacity is-style-wide\"\/>\n\n\n\n<h4 class=\"has-text-align-left wp-block-heading\">G\u00e9n\u00e9rique kitsch pour un concours parodiant le Burger Quiz<\/h4>\n\n\n\n<figure class=\"wp-block-audio\"><audio controls src=\"http:\/\/mathieuquintin.aerrond.com\/wp-content\/uploads\/2021\/10\/FaderQuiz_theme.mp3\"><\/audio><\/figure>\n\n\n\n<hr class=\"wp-block-separator has-css-opacity is-style-wide\"\/>\n<\/div>\n<\/div>\n\n\n\n<hr class=\"wp-block-separator has-css-opacity is-style-wide\"\/>\n\n\n\n<div class=\"wp-block-columns is-layout-flex wp-container-core-columns-is-layout-9d6595d7 wp-block-columns-is-layout-flex\">\n<div class=\"wp-block-column is-layout-flow wp-block-column-is-layout-flow\" style=\"flex-basis:33.33%\">\n<h3 class=\"has-text-align-left wp-block-heading\">Pi\u00e8ce de Th\u00e9\u00e2tre &#8220;Elle est l\u00e0&#8221;<\/h3>\n\n\n\n<p><em>R\u00e9gie son, composition<\/em><\/p>\n\n\n\n<figure class=\"wp-block-image size-full\"><img loading=\"lazy\" decoding=\"async\" width=\"506\" height=\"712\" src=\"http:\/\/mathieuquintin.aerrond.com\/wp-content\/uploads\/2021\/10\/82024449_113529586847175_8378541039039807488_n.png\" alt=\"\" class=\"wp-image-32\" srcset=\"http:\/\/mathieuquintin.aerrond.com\/wp-content\/uploads\/2021\/10\/82024449_113529586847175_8378541039039807488_n.png 506w, http:\/\/mathieuquintin.aerrond.com\/wp-content\/uploads\/2021\/10\/82024449_113529586847175_8378541039039807488_n-213x300.png 213w\" sizes=\"auto, (max-width: 506px) 100vw, 506px\" \/><\/figure>\n\n\n\n<figure class=\"wp-block-audio\"><audio controls src=\"http:\/\/mathieuquintin.aerrond.com\/wp-content\/uploads\/2021\/10\/Industrial-Storm.mp3\"><\/audio><\/figure>\n\n\n\n<p class=\"has-text-align-center\">Extrait de &#8220;Orage industriel&#8221;, soundscape jou\u00e9e durant l&#8217;acte II<\/p>\n<\/div>\n\n\n\n<div class=\"wp-block-column is-layout-flow wp-block-column-is-layout-flow\" style=\"flex-basis:10px\"><\/div>\n\n\n\n<div class=\"wp-block-column is-layout-flow wp-block-column-is-layout-flow\" style=\"flex-basis:66.66%\">\n<h3 class=\"wp-block-heading\">Web-s\u00e9rie &#8220;POSTHUME&#8221;<\/h3>\n\n\n\n<p><em>Perchman, op\u00e9rateur son<\/em><\/p>\n\n\n\n<figure class=\"wp-block-embed is-type-video is-provider-youtube wp-block-embed-youtube wp-embed-aspect-16-9 wp-has-aspect-ratio\"><div class=\"wp-block-embed__wrapper\">\n<iframe loading=\"lazy\" title=\"POSTHUME [EP3] Bon app\u00e9tit !\" width=\"640\" height=\"360\" src=\"https:\/\/www.youtube.com\/embed\/rPEHFSBRYt8?feature=oembed\" frameborder=\"0\" allow=\"accelerometer; autoplay; clipboard-write; encrypted-media; gyroscope; picture-in-picture; web-share\" referrerpolicy=\"strict-origin-when-cross-origin\" allowfullscreen><\/iframe>\n<\/div><\/figure>\n\n\n\n<h3 class=\"wp-block-heading\">Court-m\u00e9trage &#8220;Nuisance&#8221;<\/h3>\n\n\n\n<p><em>Bruitage, montage son, mixage<\/em><\/p>\n\n\n\n<figure class=\"wp-block-embed is-type-video is-provider-youtube wp-block-embed-youtube wp-embed-aspect-16-9 wp-has-aspect-ratio\"><div class=\"wp-block-embed__wrapper\">\n<iframe loading=\"lazy\" title=\"Nuisance\" width=\"640\" height=\"360\" src=\"https:\/\/www.youtube.com\/embed\/sFtlts03Ln8?feature=oembed\" frameborder=\"0\" allow=\"accelerometer; autoplay; clipboard-write; encrypted-media; gyroscope; picture-in-picture; web-share\" referrerpolicy=\"strict-origin-when-cross-origin\" allowfullscreen><\/iframe>\n<\/div><\/figure>\n<\/div>\n<\/div>\n","protected":false},"excerpt":{"rendered":"<p>Mes valeurs &#8211;Rigueur&#8211; &#8211;Bienveillance&#8211; &#8211;Cr\u00e9ativit\u00e9&#8211; Bonjour&nbsp;! Je m&#8217;appelle Mathieu Quintin et je suis sondier. Ma passion pour le son a commenc\u00e9 tout jeune avec les livres audio\/musicaux (d&#8217;ailleurs si vous avez un exemplaire de Barbababor, j&#8217;ach\u00e8te \u00e0 prix d&#8217;or !). C&#8217;est en 2012, alors \u00e2g\u00e9 de 14 ans, que j&#8217;ai r\u00e9alis\u00e9 mes toutes premi\u00e8res fictions [&hellip;]<\/p>\n","protected":false},"author":1,"featured_media":0,"parent":0,"menu_order":0,"comment_status":"closed","ping_status":"open","template":"","meta":{"_regular_price":[],"currency_symbol":[],"footnotes":""},"class_list":["post-2","page","type-page","status-publish","hentry"],"post_slider_layout_featured_media_urls":{"thumbnail":"","post_slider_layout_landscape_large":"","post_slider_layout_portrait_large":"","post_slider_layout_square_large":"","post_slider_layout_landscape":"","post_slider_layout_portrait":"","post_slider_layout_square":"","full":""},"_links":{"self":[{"href":"http:\/\/mathieuquintin.aerrond.com\/index.php?rest_route=\/wp\/v2\/pages\/2","targetHints":{"allow":["GET"]}}],"collection":[{"href":"http:\/\/mathieuquintin.aerrond.com\/index.php?rest_route=\/wp\/v2\/pages"}],"about":[{"href":"http:\/\/mathieuquintin.aerrond.com\/index.php?rest_route=\/wp\/v2\/types\/page"}],"author":[{"embeddable":true,"href":"http:\/\/mathieuquintin.aerrond.com\/index.php?rest_route=\/wp\/v2\/users\/1"}],"replies":[{"embeddable":true,"href":"http:\/\/mathieuquintin.aerrond.com\/index.php?rest_route=%2Fwp%2Fv2%2Fcomments&post=2"}],"version-history":[{"count":51,"href":"http:\/\/mathieuquintin.aerrond.com\/index.php?rest_route=\/wp\/v2\/pages\/2\/revisions"}],"predecessor-version":[{"id":134,"href":"http:\/\/mathieuquintin.aerrond.com\/index.php?rest_route=\/wp\/v2\/pages\/2\/revisions\/134"}],"wp:attachment":[{"href":"http:\/\/mathieuquintin.aerrond.com\/index.php?rest_route=%2Fwp%2Fv2%2Fmedia&parent=2"}],"curies":[{"name":"wp","href":"https:\/\/api.w.org\/{rel}","templated":true}]}}